{"id":2,"date":"2018-08-20T18:56:41","date_gmt":"2018-08-20T18:56:41","guid":{"rendered":"http:\/\/www.webtek.com.tr\/?page_id=2"},"modified":"2018-12-20T14:15:55","modified_gmt":"2018-12-20T14:15:55","slug":"about","status":"publish","type":"page","link":"http:\/\/www.webtek.com.tr\/","title":{"rendered":"ANASAYFA"},"content":{"rendered":"<h1 style=\"text-align: center;\">S\u0130TEM\u0130Z YAPIM A\u015eAMASINDADIR.<\/h1>\n<h1 style=\"text-align: center;\"><a href=\"http:\/\/webtek.webteknolojix.com\">Eski siteye y\u00f6nlendirme<\/a><\/h1>\n","protected":false},"excerpt":{"rendered":"<p>S\u0130TEM\u0130Z YAPIM A\u015eAMASINDADIR. Eski siteye y\u00f6nlendirme<\/p>\n","protected":false},"author":1,"featured_media":0,"parent":0,"menu_order":0,"comment_status":"open","ping_status":"open","template":"","meta":[],"_links":{"self":[{"href":"http:\/\/www.webtek.com.tr\/index.php?rest_route=\/wp\/v2\/pages\/2"}],"collection":[{"href":"http:\/\/www.webtek.com.tr\/index.php?rest_route=\/wp\/v2\/pages"}],"about":[{"href":"http:\/\/www.webtek.com.tr\/index.php?rest_route=\/wp\/v2\/types\/page"}],"author":[{"embeddable":true,"href":"http:\/\/www.webtek.com.tr\/index.php?rest_route=\/wp\/v2\/users\/1"}],"replies":[{"embeddable":true,"href":"http:\/\/www.webtek.com.tr\/index.php?rest_route=%2Fwp%2Fv2%2Fcomments&post=2"}],"version-history":[{"count":5,"href":"http:\/\/www.webtek.com.tr\/index.php?rest_route=\/wp\/v2\/pages\/2\/revisions"}],"predecessor-version":[{"id":18,"href":"http:\/\/www.webtek.com.tr\/index.php?rest_route=\/wp\/v2\/pages\/2\/revisions\/18"}],"wp:attachment":[{"href":"http:\/\/www.webtek.com.tr\/index.php?rest_route=%2Fwp%2Fv2%2Fmedia&parent=2"}],"curies":[{"name":"wp","href":"https:\/\/api.w.org\/{rel}","templated":true}]}}